{"id":18018,"date":"2022-06-24T10:21:51","date_gmt":"2022-06-24T08:21:51","guid":{"rendered":"https:\/\/fabrikacoffee.com\/?page_id=18018"},"modified":"2022-07-27T09:48:14","modified_gmt":"2022-07-27T07:48:14","slug":"zanimljivosti","status":"publish","type":"page","link":"https:\/\/fabrikacoffee.com\/?page_id=18018","title":{"rendered":"Zanimljivosti"},"content":{"rendered":"\t\t<div data-elementor-type=\"wp-page\" data-elementor-id=\"18018\" class=\"elementor elementor-18018\" data-elementor-post-type=\"page\">\n\t\t\t\t\t\t<section class=\"elementor-section elementor-top-section elementor-element elementor-element-8d796d6 elementor-section-boxed elementor-section-height-default elementor-section-height-default\" data-id=\"8d796d6\" data-element_type=\"section\">\n\t\t\t\t\t\t<div class=\"elementor-container elementor-column-gap-custom\">\n\t\t\t\t\t<div class=\"elementor-column elementor-col-100 elementor-top-column elementor-element elementor-element-6a11664\" data-id=\"6a11664\" data-element_type=\"column\">\n\t\t\t<div class=\"elementor-widget-wrap elementor-element-populated\">\n\t\t\t\t\t\t<div class=\"elementor-element elementor-element-c282d04 elementor-grid-3 elementor-grid-tablet-2 elementor-grid-mobile-1 elementor-posts--thumbnail-top elementor-posts--show-avatar elementor-card-shadow-yes elementor-posts__hover-gradient elementor-widget elementor-widget-posts\" data-id=\"c282d04\" data-element_type=\"widget\" data-settings=\"{&quot;cards_columns&quot;:&quot;3&quot;,&quot;cards_columns_tablet&quot;:&quot;2&quot;,&quot;cards_columns_mobile&quot;:&quot;1&quot;,&quot;cards_row_gap&quot;:{&quot;unit&quot;:&quot;px&quot;,&quot;size&quot;:35,&quot;sizes&quot;:[]},&quot;cards_row_gap_tablet&quot;:{&quot;unit&quot;:&quot;px&quot;,&quot;size&quot;:&quot;&quot;,&quot;sizes&quot;:[]},&quot;cards_row_gap_mobile&quot;:{&quot;unit&quot;:&quot;px&quot;,&quot;size&quot;:&quot;&quot;,&quot;sizes&quot;:[]}}\" data-widget_type=\"posts.cards\">\n\t\t\t\t<div class=\"elementor-widget-container\">\n\t\t\t\t\t\t\t<div class=\"elementor-posts-container elementor-posts elementor-posts--skin-cards elementor-grid\" role=\"list\">\n\t\t\t\t<article class=\"elementor-post elementor-grid-item post-18896 post type-post status-publish format-standard has-post-thumbnail hentry category-novosti\" role=\"listitem\">\n\t\t\t<div class=\"elementor-post__card\">\n\t\t\t\t<a class=\"elementor-post__thumbnail__link\" href=\"https:\/\/fabrikacoffee.com\/?p=18896\" tabindex=\"-1\" ><div class=\"elementor-post__thumbnail\"><img fetchpriority=\"high\" decoding=\"async\" width=\"3680\" height=\"2456\" src=\"https:\/\/fabrikacoffee.com\/wp-content\/uploads\/2022\/08\/DSC_3513-1.jpg\" class=\"attachment-full size-full wp-image-18904\" alt=\"\" srcset=\"https:\/\/fabrikacoffee.com\/wp-content\/uploads\/2022\/08\/DSC_3513-1.jpg 3680w, https:\/\/fabrikacoffee.com\/wp-content\/uploads\/2022\/08\/DSC_3513-1-480x320.jpg 480w, https:\/\/fabrikacoffee.com\/wp-content\/uploads\/2022\/08\/DSC_3513-1-600x400.jpg 600w, https:\/\/fabrikacoffee.com\/wp-content\/uploads\/2022\/08\/DSC_3513-1-300x200.jpg 300w\" sizes=\"(max-width: 3680px) 100vw, 3680px\" \/><\/div><\/a>\n\t\t\t\t<div class=\"elementor-post__badge\">Novosti<\/div>\n\t\t\t\t<div class=\"elementor-post__avatar\">\n\t\t\t<img alt='admin.fabrika' src='https:\/\/fabrikacoffee.com\/wp-content\/wphb-cache\/gravatar\/0fb\/0fb112990b6699b3d8c79441deb886c8x128.jpg' srcset='https:\/\/fabrikacoffee.com\/wp-content\/wphb-cache\/gravatar\/0fb\/0fb112990b6699b3d8c79441deb886c8x256.jpg 2x' class='avatar avatar-128 photo' height='128' width='128' \/>\t\t<\/div>\n\t\t\t\t<div class=\"elementor-post__text\">\n\t\t\t\t<h3 class=\"elementor-post__title\">\n\t\t\t<a href=\"https:\/\/fabrikacoffee.com\/?p=18896\" >\n\t\t\t\t10. Vespa susreti u Banjaluci\t\t\t<\/a>\n\t\t<\/h3>\n\t\t\t\t<div class=\"elementor-post__excerpt\">\n\t\t\t<p>Posjeta pr\u017eionici kafe Fabrika coffe i mnoge druge aktivnosti U Banjaluci su se, 13.8. odr\u017eavali 10. Vespa susreti koji su okupili skoro 100 voza\u010da Vespi<\/p>\n\t\t<\/div>\n\t\t\n\t\t<a class=\"elementor-post__read-more\" href=\"https:\/\/fabrikacoffee.com\/?p=18896\" aria-label=\"Read more about 10. Vespa susreti u Banjaluci\" tabindex=\"-1\" >\n\t\t\t\u010citaj vi\u0161e \u00bb\t\t<\/a>\n\n\t\t\t\t<\/div>\n\t\t\t\t<div class=\"elementor-post__meta-data\">\n\t\t\t\t\t<span class=\"elementor-post-date\">\n\t\t\tavgust 16, 2022\t\t<\/span>\n\t\t\t\t<\/div>\n\t\t\t\t\t<\/div>\n\t\t<\/article>\n\t\t\t\t<article class=\"elementor-post elementor-grid-item post-17656 post type-post status-publish format-standard has-post-thumbnail hentry category-novosti\" role=\"listitem\">\n\t\t\t<div class=\"elementor-post__card\">\n\t\t\t\t<a class=\"elementor-post__thumbnail__link\" href=\"https:\/\/fabrikacoffee.com\/?p=17656\" tabindex=\"-1\" ><div class=\"elementor-post__thumbnail\"><img decoding=\"async\" width=\"1000\" height=\"667\" src=\"https:\/\/fabrikacoffee.com\/wp-content\/uploads\/2022\/02\/History-blog.jpg\" class=\"attachment-full size-full wp-image-17671\" alt=\"\" srcset=\"https:\/\/fabrikacoffee.com\/wp-content\/uploads\/2022\/02\/History-blog.jpg 1000w, https:\/\/fabrikacoffee.com\/wp-content\/uploads\/2022\/02\/History-blog-480x320.jpg 480w, https:\/\/fabrikacoffee.com\/wp-content\/uploads\/2022\/02\/History-blog-600x400.jpg 600w, https:\/\/fabrikacoffee.com\/wp-content\/uploads\/2022\/02\/History-blog-300x200.jpg 300w, https:\/\/fabrikacoffee.com\/wp-content\/uploads\/2022\/02\/History-blog-768x512.jpg 768w, https:\/\/fabrikacoffee.com\/wp-content\/uploads\/2022\/02\/History-blog-790x527.jpg 790w, https:\/\/fabrikacoffee.com\/wp-content\/uploads\/2022\/02\/History-blog-800x534.jpg 800w\" sizes=\"(max-width: 1000px) 100vw, 1000px\" \/><\/div><\/a>\n\t\t\t\t<div class=\"elementor-post__badge\">Novosti<\/div>\n\t\t\t\t<div class=\"elementor-post__avatar\">\n\t\t\t<img alt='admin.fabrika' src='https:\/\/fabrikacoffee.com\/wp-content\/wphb-cache\/gravatar\/0fb\/0fb112990b6699b3d8c79441deb886c8x128.jpg' srcset='https:\/\/fabrikacoffee.com\/wp-content\/wphb-cache\/gravatar\/0fb\/0fb112990b6699b3d8c79441deb886c8x256.jpg 2x' class='avatar avatar-128 photo' height='128' width='128' \/>\t\t<\/div>\n\t\t\t\t<div class=\"elementor-post__text\">\n\t\t\t\t<h3 class=\"elementor-post__title\">\n\t\t\t<a href=\"https:\/\/fabrikacoffee.com\/?p=17656\" >\n\t\t\t\tKultura kafe\t\t\t<\/a>\n\t\t<\/h3>\n\t\t\t\t<div class=\"elementor-post__excerpt\">\n\t\t\t<p>Istorija \u00a0 Najpopularnija legenda o po\u010decima konzumacije kafe je ona koja ka\u017ee da je etiopski pastir Kaldi jednoga dana primjetio da se njegove koze &#8220;\u010dudno&#8221;<\/p>\n\t\t<\/div>\n\t\t\n\t\t<a class=\"elementor-post__read-more\" href=\"https:\/\/fabrikacoffee.com\/?p=17656\" aria-label=\"Read more about Kultura kafe\" tabindex=\"-1\" >\n\t\t\t\u010citaj vi\u0161e \u00bb\t\t<\/a>\n\n\t\t\t\t<\/div>\n\t\t\t\t<div class=\"elementor-post__meta-data\">\n\t\t\t\t\t<span class=\"elementor-post-date\">\n\t\t\tfebruar 17, 2022\t\t<\/span>\n\t\t\t\t<\/div>\n\t\t\t\t\t<\/div>\n\t\t<\/article>\n\t\t\t\t<article class=\"elementor-post elementor-grid-item post-6583 post type-post status-publish format-standard has-post-thumbnail hentry category-novosti\" role=\"listitem\">\n\t\t\t<div class=\"elementor-post__card\">\n\t\t\t\t<a class=\"elementor-post__thumbnail__link\" href=\"https:\/\/fabrikacoffee.com\/?p=6583\" tabindex=\"-1\" ><div class=\"elementor-post__thumbnail\"><img decoding=\"async\" width=\"1920\" height=\"1280\" src=\"https:\/\/fabrikacoffee.com\/wp-content\/uploads\/2018\/11\/Fotografija-UKC-predaja.jpg\" class=\"attachment-full size-full wp-image-17152\" alt=\"\" srcset=\"https:\/\/fabrikacoffee.com\/wp-content\/uploads\/2018\/11\/Fotografija-UKC-predaja.jpg 1920w, https:\/\/fabrikacoffee.com\/wp-content\/uploads\/2018\/11\/Fotografija-UKC-predaja-480x320.jpg 480w, https:\/\/fabrikacoffee.com\/wp-content\/uploads\/2018\/11\/Fotografija-UKC-predaja-600x400.jpg 600w, https:\/\/fabrikacoffee.com\/wp-content\/uploads\/2018\/11\/Fotografija-UKC-predaja-300x200.jpg 300w, https:\/\/fabrikacoffee.com\/wp-content\/uploads\/2018\/11\/Fotografija-UKC-predaja-1024x683.jpg 1024w, https:\/\/fabrikacoffee.com\/wp-content\/uploads\/2018\/11\/Fotografija-UKC-predaja-768x512.jpg 768w, https:\/\/fabrikacoffee.com\/wp-content\/uploads\/2018\/11\/Fotografija-UKC-predaja-1536x1024.jpg 1536w, https:\/\/fabrikacoffee.com\/wp-content\/uploads\/2018\/11\/Fotografija-UKC-predaja-790x527.jpg 790w, https:\/\/fabrikacoffee.com\/wp-content\/uploads\/2018\/11\/Fotografija-UKC-predaja-800x533.jpg 800w\" sizes=\"(max-width: 1920px) 100vw, 1920px\" \/><\/div><\/a>\n\t\t\t\t<div class=\"elementor-post__badge\">Novosti<\/div>\n\t\t\t\t<div class=\"elementor-post__avatar\">\n\t\t\t<img alt='admin.fabrika' src='https:\/\/fabrikacoffee.com\/wp-content\/wphb-cache\/gravatar\/0fb\/0fb112990b6699b3d8c79441deb886c8x128.jpg' srcset='https:\/\/fabrikacoffee.com\/wp-content\/wphb-cache\/gravatar\/0fb\/0fb112990b6699b3d8c79441deb886c8x256.jpg 2x' class='avatar avatar-128 photo' height='128' width='128' \/>\t\t<\/div>\n\t\t\t\t<div class=\"elementor-post__text\">\n\t\t\t\t<h3 class=\"elementor-post__title\">\n\t\t\t<a href=\"https:\/\/fabrikacoffee.com\/?p=6583\" >\n\t\t\t\tZahvalnica medicinskim radnicima\t\t\t<\/a>\n\t\t<\/h3>\n\t\t\t\t<div class=\"elementor-post__excerpt\">\n\t\t\t<p>Donacijom poklon paketa doma\u0107e kafe Univerzitetskom klini\u010dkom centru i JZU Dom zdravlja u Banjoj Luci iskazali smo zahvalnost zdravstvenim radnicima za brigu i po\u017ertvovanost u<\/p>\n\t\t<\/div>\n\t\t\n\t\t<a class=\"elementor-post__read-more\" href=\"https:\/\/fabrikacoffee.com\/?p=6583\" aria-label=\"Read more about Zahvalnica medicinskim radnicima\" tabindex=\"-1\" >\n\t\t\t\u010citaj vi\u0161e \u00bb\t\t<\/a>\n\n\t\t\t\t<\/div>\n\t\t\t\t<div class=\"elementor-post__meta-data\">\n\t\t\t\t\t<span class=\"elementor-post-date\">\n\t\t\tnovembar 7, 2018\t\t<\/span>\n\t\t\t\t<\/div>\n\t\t\t\t\t<\/div>\n\t\t<\/article>\n\t\t\t\t<\/div>\n\t\t\n\t\t\t\t\t\t<\/div>\n\t\t\t\t<\/div>\n\t\t\t\t\t<\/div>\n\t\t<\/div>\n\t\t\t\t\t<\/div>\n\t\t<\/section>\n\t\t\t\t<\/div>\n\t\t","protected":false},"excerpt":{"rendered":"","protected":false},"author":1,"featured_media":0,"parent":0,"menu_order":0,"comment_status":"closed","ping_status":"closed","template":"","meta":{"footnotes":""},"class_list":["post-18018","page","type-page","status-publish","hentry","has-post-thumbnail"],"yoast_head":"<!-- This site is optimized with the Yoast SEO plugin v21.1 - https:\/\/yoast.com\/wordpress\/plugins\/seo\/ -->\n<title>Zanimljivosti &raquo; FABRIKA COFFEE &raquo; Va\u0161a gradska pr\u017eionica &raquo; Banja Luka<\/title>\n<meta name=\"robots\" content=\"index, follow, max-snippet:-1, max-image-preview:large, max-video-preview:-1\" \/>\n<link rel=\"canonical\" href=\"https:\/\/fabrikacoffee.com\/?page_id=18018\" \/>\n<meta property=\"og:locale\" content=\"sr_RS\" \/>\n<meta property=\"og:type\" content=\"article\" \/>\n<meta property=\"og:title\" content=\"Zanimljivosti &raquo; FABRIKA COFFEE &raquo; Va\u0161a gradska pr\u017eionica &raquo; Banja Luka\" \/>\n<meta property=\"og:url\" content=\"https:\/\/fabrikacoffee.com\/?page_id=18018\" \/>\n<meta property=\"og:site_name\" content=\"FABRIKA COFFEE\" \/>\n<meta property=\"article:publisher\" content=\"https:\/\/www.facebook.com\/fabrikacoffeebl\" \/>\n<meta property=\"article:modified_time\" content=\"2022-07-27T07:48:14+00:00\" \/>\n<meta name=\"twitter:card\" content=\"summary_large_image\" \/>\n<meta name=\"twitter:label1\" content=\"Procenjeno vreme \u010ditanja\" \/>\n\t<meta name=\"twitter:data1\" content=\"2 minuta\" \/>\n<script type=\"application\/ld+json\" class=\"yoast-schema-graph\">{\"@context\":\"https:\/\/schema.org\",\"@graph\":[{\"@type\":\"WebPage\",\"@id\":\"https:\/\/fabrikacoffee.com\/?page_id=18018\",\"url\":\"https:\/\/fabrikacoffee.com\/?page_id=18018\",\"name\":\"Zanimljivosti &raquo; FABRIKA COFFEE &raquo; Va\u0161a gradska pr\u017eionica &raquo; Banja Luka\",\"isPartOf\":{\"@id\":\"https:\/\/fabrikacoffee.com\/#website\"},\"datePublished\":\"2022-06-24T08:21:51+00:00\",\"dateModified\":\"2022-07-27T07:48:14+00:00\",\"breadcrumb\":{\"@id\":\"https:\/\/fabrikacoffee.com\/?page_id=18018#breadcrumb\"},\"inLanguage\":\"sr-RS\",\"potentialAction\":[{\"@type\":\"ReadAction\",\"target\":[\"https:\/\/fabrikacoffee.com\/?page_id=18018\"]}]},{\"@type\":\"BreadcrumbList\",\"@id\":\"https:\/\/fabrikacoffee.com\/?page_id=18018#breadcrumb\",\"itemListElement\":[{\"@type\":\"ListItem\",\"position\":1,\"name\":\"Po\u010detna\",\"item\":\"https:\/\/fabrikacoffee.com\/\"},{\"@type\":\"ListItem\",\"position\":2,\"name\":\"Zanimljivosti\"}]},{\"@type\":\"WebSite\",\"@id\":\"https:\/\/fabrikacoffee.com\/#website\",\"url\":\"https:\/\/fabrikacoffee.com\/\",\"name\":\"FABRIKA COFFEE\",\"description\":\"Va\u0161a gradska pr\u017eionica\",\"publisher\":{\"@id\":\"https:\/\/fabrikacoffee.com\/#organization\"},\"potentialAction\":[{\"@type\":\"SearchAction\",\"target\":{\"@type\":\"EntryPoint\",\"urlTemplate\":\"https:\/\/fabrikacoffee.com\/?s={search_term_string}\"},\"query-input\":\"required name=search_term_string\"}],\"inLanguage\":\"sr-RS\"},{\"@type\":\"Organization\",\"@id\":\"https:\/\/fabrikacoffee.com\/#organization\",\"name\":\"FABRIKA coffee\",\"url\":\"https:\/\/fabrikacoffee.com\/\",\"logo\":{\"@type\":\"ImageObject\",\"inLanguage\":\"sr-RS\",\"@id\":\"https:\/\/fabrikacoffee.com\/#\/schema\/logo\/image\/\",\"url\":\"https:\/\/fabrikacoffee.com\/wp-content\/uploads\/2020\/12\/IMG_6715.jpg\",\"contentUrl\":\"https:\/\/fabrikacoffee.com\/wp-content\/uploads\/2020\/12\/IMG_6715.jpg\",\"width\":1920,\"height\":1080,\"caption\":\"FABRIKA coffee\"},\"image\":{\"@id\":\"https:\/\/fabrikacoffee.com\/#\/schema\/logo\/image\/\"},\"sameAs\":[\"https:\/\/www.facebook.com\/fabrikacoffeebl\",\"https:\/\/www.instagram.com\/fabrika_coffeebl\/\"]}]}<\/script>\n<!-- \/ Yoast SEO plugin. -->","yoast_head_json":{"title":"Zanimljivosti &raquo; FABRIKA COFFEE &raquo; Va\u0161a gradska pr\u017eionica &raquo; Banja Luka","robots":{"index":"index","follow":"follow","max-snippet":"max-snippet:-1","max-image-preview":"max-image-preview:large","max-video-preview":"max-video-preview:-1"},"canonical":"https:\/\/fabrikacoffee.com\/?page_id=18018","og_locale":"sr_RS","og_type":"article","og_title":"Zanimljivosti &raquo; FABRIKA COFFEE &raquo; Va\u0161a gradska pr\u017eionica &raquo; Banja Luka","og_url":"https:\/\/fabrikacoffee.com\/?page_id=18018","og_site_name":"FABRIKA COFFEE","article_publisher":"https:\/\/www.facebook.com\/fabrikacoffeebl","article_modified_time":"2022-07-27T07:48:14+00:00","twitter_card":"summary_large_image","twitter_misc":{"Procenjeno vreme \u010ditanja":"2 minuta"},"schema":{"@context":"https:\/\/schema.org","@graph":[{"@type":"WebPage","@id":"https:\/\/fabrikacoffee.com\/?page_id=18018","url":"https:\/\/fabrikacoffee.com\/?page_id=18018","name":"Zanimljivosti &raquo; FABRIKA COFFEE &raquo; Va\u0161a gradska pr\u017eionica &raquo; Banja Luka","isPartOf":{"@id":"https:\/\/fabrikacoffee.com\/#website"},"datePublished":"2022-06-24T08:21:51+00:00","dateModified":"2022-07-27T07:48:14+00:00","breadcrumb":{"@id":"https:\/\/fabrikacoffee.com\/?page_id=18018#breadcrumb"},"inLanguage":"sr-RS","potentialAction":[{"@type":"ReadAction","target":["https:\/\/fabrikacoffee.com\/?page_id=18018"]}]},{"@type":"BreadcrumbList","@id":"https:\/\/fabrikacoffee.com\/?page_id=18018#breadcrumb","itemListElement":[{"@type":"ListItem","position":1,"name":"Po\u010detna","item":"https:\/\/fabrikacoffee.com\/"},{"@type":"ListItem","position":2,"name":"Zanimljivosti"}]},{"@type":"WebSite","@id":"https:\/\/fabrikacoffee.com\/#website","url":"https:\/\/fabrikacoffee.com\/","name":"FABRIKA COFFEE","description":"Va\u0161a gradska pr\u017eionica","publisher":{"@id":"https:\/\/fabrikacoffee.com\/#organization"},"potentialAction":[{"@type":"SearchAction","target":{"@type":"EntryPoint","urlTemplate":"https:\/\/fabrikacoffee.com\/?s={search_term_string}"},"query-input":"required name=search_term_string"}],"inLanguage":"sr-RS"},{"@type":"Organization","@id":"https:\/\/fabrikacoffee.com\/#organization","name":"FABRIKA coffee","url":"https:\/\/fabrikacoffee.com\/","logo":{"@type":"ImageObject","inLanguage":"sr-RS","@id":"https:\/\/fabrikacoffee.com\/#\/schema\/logo\/image\/","url":"https:\/\/fabrikacoffee.com\/wp-content\/uploads\/2020\/12\/IMG_6715.jpg","contentUrl":"https:\/\/fabrikacoffee.com\/wp-content\/uploads\/2020\/12\/IMG_6715.jpg","width":1920,"height":1080,"caption":"FABRIKA coffee"},"image":{"@id":"https:\/\/fabrikacoffee.com\/#\/schema\/logo\/image\/"},"sameAs":["https:\/\/www.facebook.com\/fabrikacoffeebl","https:\/\/www.instagram.com\/fabrika_coffeebl\/"]}]}},"_links":{"self":[{"href":"https:\/\/fabrikacoffee.com\/index.php?rest_route=\/wp\/v2\/pages\/18018","targetHints":{"allow":["GET"]}}],"collection":[{"href":"https:\/\/fabrikacoffee.com\/index.php?rest_route=\/wp\/v2\/pages"}],"about":[{"href":"https:\/\/fabrikacoffee.com\/index.php?rest_route=\/wp\/v2\/types\/page"}],"author":[{"embeddable":true,"href":"https:\/\/fabrikacoffee.com\/index.php?rest_route=\/wp\/v2\/users\/1"}],"replies":[{"embeddable":true,"href":"https:\/\/fabrikacoffee.com\/index.php?rest_route=%2Fwp%2Fv2%2Fcomments&post=18018"}],"version-history":[{"count":25,"href":"https:\/\/fabrikacoffee.com\/index.php?rest_route=\/wp\/v2\/pages\/18018\/revisions"}],"predecessor-version":[{"id":18582,"href":"https:\/\/fabrikacoffee.com\/index.php?rest_route=\/wp\/v2\/pages\/18018\/revisions\/18582"}],"wp:attachment":[{"href":"https:\/\/fabrikacoffee.com\/index.php?rest_route=%2Fwp%2Fv2%2Fmedia&parent=18018"}],"curies":[{"name":"wp","href":"https:\/\/api.w.org\/{rel}","templated":true}]}}