{"id":18613,"date":"2022-07-27T14:03:43","date_gmt":"2022-07-27T12:03:43","guid":{"rendered":"https:\/\/fabrikacoffee.com\/?page_id=18613"},"modified":"2022-07-27T14:28:28","modified_gmt":"2022-07-27T12:28:28","slug":"contact","status":"publish","type":"page","link":"https:\/\/fabrikacoffee.com\/?page_id=18613&lang=en","title":{"rendered":"Contact"},"content":{"rendered":"\t\t<div data-elementor-type=\"wp-page\" data-elementor-id=\"18613\" class=\"elementor elementor-18613\" data-elementor-post-type=\"page\">\n\t\t\t\t\t\t<section class=\"elementor-section elementor-top-section elementor-element elementor-element-df9d6b3 elementor-section-full_width elementor-section-stretched elementor-section-height-default elementor-section-height-default\" data-id=\"df9d6b3\" data-element_type=\"section\" data-settings=\"{&quot;stretch_section&quot;:&quot;section-stretched&quot;}\">\n\t\t\t\t\t\t<div class=\"elementor-container elementor-column-gap-no\">\n\t\t\t\t\t<div class=\"elementor-column elementor-col-33 elementor-top-column elementor-element elementor-element-7a1f294\" data-id=\"7a1f294\" data-element_type=\"column\">\n\t\t\t<div class=\"elementor-widget-wrap elementor-element-populated\">\n\t\t\t\t\t\t<div class=\"elementor-element elementor-element-83afc8b elementor-cta--skin-cover elementor-cta--valign-middle elementor-animated-content elementor-bg-transform elementor-bg-transform-zoom-in elementor-widget elementor-widget-call-to-action\" data-id=\"83afc8b\" data-element_type=\"widget\" data-widget_type=\"call-to-action.default\">\n\t\t\t\t<div class=\"elementor-widget-container\">\n\t\t\t\t\t\t\t<a class=\"elementor-cta\" href=\"#\">\n\t\t\t\t\t<div class=\"elementor-cta__bg-wrapper\">\n\t\t\t\t<div class=\"elementor-cta__bg elementor-bg\" style=\"background-image: url(https:\/\/fabrikacoffee.com\/wp-content\/uploads\/2019\/06\/IMG_6863-1024x683.jpg);\" role=\"img\" aria-label=\"IMG_6863\"><\/div>\n\t\t\t\t<div class=\"elementor-cta__bg-overlay\"><\/div>\n\t\t\t<\/div>\n\t\t\t\t\t\t\t<div class=\"elementor-cta__content\">\n\t\t\t\t\n\t\t\t\t\t\t\t\t\t<h2 class=\"elementor-cta__title elementor-cta__content-item elementor-content-item elementor-animated-item--grow\">\n\t\t\t\t\t\tCoffee production\t\t\t\t\t<\/h2>\n\t\t\t\t\n\t\t\t\t\n\t\t\t\t\t\t\t\t\t<div class=\"elementor-cta__button-wrapper elementor-cta__content-item elementor-content-item elementor-animated-item--grow\">\n\t\t\t\t\t<span class=\"elementor-cta__button elementor-button elementor-size-\">\n\t\t\t\t\t\tFind out more &raquo;\t\t\t\t\t<\/span>\n\t\t\t\t\t<\/div>\n\t\t\t\t\t\t\t<\/div>\n\t\t\t\t\t\t<\/a>\n\t\t\t\t\t\t<\/div>\n\t\t\t\t<\/div>\n\t\t\t\t\t<\/div>\n\t\t<\/div>\n\t\t\t\t<div class=\"elementor-column elementor-col-33 elementor-top-column elementor-element elementor-element-2a93631\" data-id=\"2a93631\" data-element_type=\"column\">\n\t\t\t<div class=\"elementor-widget-wrap elementor-element-populated\">\n\t\t\t\t\t\t<div class=\"elementor-element elementor-element-b8c87f8 elementor-cta--skin-cover elementor-cta--valign-middle elementor-animated-content elementor-bg-transform elementor-bg-transform-zoom-in elementor-widget elementor-widget-call-to-action\" data-id=\"b8c87f8\" data-element_type=\"widget\" data-widget_type=\"call-to-action.default\">\n\t\t\t\t<div class=\"elementor-widget-container\">\n\t\t\t\t\t\t\t<div class=\"elementor-cta\">\n\t\t\t\t\t<div class=\"elementor-cta__bg-wrapper\">\n\t\t\t\t<div class=\"elementor-cta__bg elementor-bg\" style=\"background-image: url(https:\/\/fabrikacoffee.com\/wp-content\/uploads\/2019\/06\/IMG_6696-1024x683.jpg);\" role=\"img\" aria-label=\"IMG_6696\"><\/div>\n\t\t\t\t<div class=\"elementor-cta__bg-overlay\"><\/div>\n\t\t\t<\/div>\n\t\t\t\t\t\t\t<div class=\"elementor-cta__content\">\n\t\t\t\t\n\t\t\t\t\t\t\t\t\t<h2 class=\"elementor-cta__title elementor-cta__content-item elementor-content-item elementor-animated-item--grow\">\n\t\t\t\t\t\tCoffee to go\t\t\t\t\t<\/h2>\n\t\t\t\t\n\t\t\t\t\n\t\t\t\t\t\t\t\t\t<div class=\"elementor-cta__button-wrapper elementor-cta__content-item elementor-content-item elementor-animated-item--grow\">\n\t\t\t\t\t<a class=\"elementor-cta__button elementor-button elementor-size-\" href=\"https:\/\/fabrikacoffee.com\/en\/coffee-to-go-2\/\">\n\t\t\t\t\t\tFind out more &raquo;\t\t\t\t\t<\/a>\n\t\t\t\t\t<\/div>\n\t\t\t\t\t\t\t<\/div>\n\t\t\t\t\t\t<\/div>\n\t\t\t\t\t\t<\/div>\n\t\t\t\t<\/div>\n\t\t\t\t\t<\/div>\n\t\t<\/div>\n\t\t\t\t<div class=\"elementor-column elementor-col-33 elementor-top-column elementor-element elementor-element-850f91a\" data-id=\"850f91a\" data-element_type=\"column\">\n\t\t\t<div class=\"elementor-widget-wrap elementor-element-populated\">\n\t\t\t\t\t\t<div class=\"elementor-element elementor-element-bc1cc5e elementor-cta--skin-cover elementor-cta--valign-middle elementor-animated-content elementor-bg-transform elementor-bg-transform-zoom-in elementor-widget elementor-widget-call-to-action\" data-id=\"bc1cc5e\" data-element_type=\"widget\" data-widget_type=\"call-to-action.default\">\n\t\t\t\t<div class=\"elementor-widget-container\">\n\t\t\t\t\t\t\t<div class=\"elementor-cta\">\n\t\t\t\t\t<div class=\"elementor-cta__bg-wrapper\">\n\t\t\t\t<div class=\"elementor-cta__bg elementor-bg\" style=\"background-image: url(https:\/\/fabrikacoffee.com\/wp-content\/uploads\/2020\/12\/fabrika-coffee-to-go-1-1024x683.jpg);\" role=\"img\" aria-label=\"fabrika coffee to go 1\"><\/div>\n\t\t\t\t<div class=\"elementor-cta__bg-overlay\"><\/div>\n\t\t\t<\/div>\n\t\t\t\t\t\t\t<div class=\"elementor-cta__content\">\n\t\t\t\t\n\t\t\t\t\t\t\t\t\t<h2 class=\"elementor-cta__title elementor-cta__content-item elementor-content-item elementor-animated-item--grow\">\n\t\t\t\t\t\tCafeteria\t\t\t\t\t<\/h2>\n\t\t\t\t\n\t\t\t\t\n\t\t\t\t\t\t\t\t\t<div class=\"elementor-cta__button-wrapper elementor-cta__content-item elementor-content-item elementor-animated-item--grow\">\n\t\t\t\t\t<a class=\"elementor-cta__button elementor-button elementor-size-\" href=\"https:\/\/fabrikacoffee.com\/en\/cafeterias\/\">\n\t\t\t\t\t\tFind out more &raquo;\t\t\t\t\t<\/a>\n\t\t\t\t\t<\/div>\n\t\t\t\t\t\t\t<\/div>\n\t\t\t\t\t\t<\/div>\n\t\t\t\t\t\t<\/div>\n\t\t\t\t<\/div>\n\t\t\t\t\t<\/div>\n\t\t<\/div>\n\t\t\t\t\t<\/div>\n\t\t<\/section>\n\t\t\t\t<section class=\"elementor-section elementor-top-section elementor-element elementor-element-3724f34 elementor-section-boxed elementor-section-height-default elementor-section-height-default\" data-id=\"3724f34\" data-element_type=\"section\">\n\t\t\t\t\t\t<div class=\"elementor-container elementor-column-gap-no\">\n\t\t\t\t\t<div class=\"elementor-column elementor-col-50 elementor-top-column elementor-element elementor-element-9b8c152\" data-id=\"9b8c152\" data-element_type=\"column\">\n\t\t\t<div class=\"elementor-widget-wrap elementor-element-populated\">\n\t\t\t\t\t\t<div class=\"elementor-element elementor-element-300ac79 lte-heading-style-default elementor-widget elementor-widget-lte-header\" data-id=\"300ac79\" data-element_type=\"widget\" data-widget_type=\"lte-header.default\">\n\t\t\t\t<div class=\"elementor-widget-container\">\n\t\t\t\t\t<div class=\"lte-heading lte-style-default lte-subcolor-main heading-tag-h5 heading-subtag-h6\"><div class=\"lte-heading-content\"><h5 class=\"lte-header\">Contact us<\/h5><\/div><\/div>\t\t\t\t<\/div>\n\t\t\t\t<\/div>\n\t\t\t\t<div class=\"elementor-element elementor-element-b839417 elementor-button-align-start elementor-widget elementor-widget-form\" data-id=\"b839417\" data-element_type=\"widget\" data-settings=\"{&quot;step_next_label&quot;:&quot;Next&quot;,&quot;step_previous_label&quot;:&quot;Previous&quot;,&quot;button_width&quot;:&quot;100&quot;,&quot;step_type&quot;:&quot;number_text&quot;,&quot;step_icon_shape&quot;:&quot;circle&quot;}\" data-widget_type=\"form.default\">\n\t\t\t\t<div class=\"elementor-widget-container\">\n\t\t\t\t\t\t\t<form class=\"elementor-form\" method=\"post\" name=\"Kontakt forma\" aria-label=\"Kontakt forma\">\n\t\t\t<input type=\"hidden\" name=\"post_id\" value=\"18613\"\/>\n\t\t\t<input type=\"hidden\" name=\"form_id\" value=\"b839417\"\/>\n\t\t\t<input type=\"hidden\" name=\"referer_title\" value=\"Contact &raquo; FABRIKA COFFEE &raquo; Va\u0161a gradska pr\u017eionica &raquo; Banja Luka\" \/>\n\n\t\t\t\t\t\t\t<input type=\"hidden\" name=\"queried_id\" value=\"18613\"\/>\n\t\t\t\n\t\t\t<div class=\"elementor-form-fields-wrapper elementor-labels-above\">\n\t\t\t\t\t\t\t\t<div class=\"elementor-field-type-text elementor-field-group elementor-column elementor-field-group-ime elementor-col-50 elementor-field-required\">\n\t\t\t\t\t\t\t\t\t\t\t\t<label for=\"form-field-ime\" class=\"elementor-field-label\">\n\t\t\t\t\t\t\t\tName\t\t\t\t\t\t\t<\/label>\n\t\t\t\t\t\t\t\t\t\t\t\t\t\t<input size=\"1\" type=\"text\" name=\"form_fields[ime]\" id=\"form-field-ime\" class=\"elementor-field elementor-size-sm  elementor-field-textual\" placeholder=\"Enter your name\" required=\"required\">\n\t\t\t\t\t\t\t\t\t\t\t<\/div>\n\t\t\t\t\t\t\t\t<div class=\"elementor-field-type-email elementor-field-group elementor-column elementor-field-group-email elementor-col-50 elementor-field-required\">\n\t\t\t\t\t\t\t\t\t\t\t\t<label for=\"form-field-email\" class=\"elementor-field-label\">\n\t\t\t\t\t\t\t\tE-mail\t\t\t\t\t\t\t<\/label>\n\t\t\t\t\t\t\t\t\t\t\t\t\t\t<input size=\"1\" type=\"email\" name=\"form_fields[email]\" id=\"form-field-email\" class=\"elementor-field elementor-size-sm  elementor-field-textual\" placeholder=\"Enter your e-mail\" required=\"required\">\n\t\t\t\t\t\t\t\t\t\t\t<\/div>\n\t\t\t\t\t\t\t\t<div class=\"elementor-field-type-textarea elementor-field-group elementor-column elementor-field-group-poruka elementor-col-100 elementor-field-required\">\n\t\t\t\t\t\t\t\t\t\t\t\t<label for=\"form-field-poruka\" class=\"elementor-field-label\">\n\t\t\t\t\t\t\t\tMessage\t\t\t\t\t\t\t<\/label>\n\t\t\t\t\t\t<textarea class=\"elementor-field-textual elementor-field  elementor-size-sm\" name=\"form_fields[poruka]\" id=\"form-field-poruka\" rows=\"4\" placeholder=\"Write us\" required=\"required\"><\/textarea>\t\t\t\t<\/div>\n\t\t\t\t\t\t\t\t<div class=\"elementor-field-type-recaptcha_v3 elementor-field-group elementor-column elementor-field-group-field_5d58857 elementor-col-100 recaptcha_v3-bottomright\">\n\t\t\t\t\t<div class=\"elementor-field\" id=\"form-field-field_5d58857\"><div class=\"elementor-g-recaptcha\" data-sitekey=\"6Lei5w4aAAAAAGcmfiwxkNtW4y6H1o4SRLqH99Kr\" data-type=\"v3\" data-action=\"Form\" data-badge=\"bottomright\" data-size=\"invisible\"><\/div><\/div>\t\t\t\t<\/div>\n\t\t\t\t\t\t\t\t<div class=\"elementor-field-group elementor-column elementor-field-type-submit elementor-col-100 e-form__buttons\">\n\t\t\t\t\t<button class=\"elementor-button elementor-size-sm\" type=\"submit\">\n\t\t\t\t\t\t<span class=\"elementor-button-content-wrapper\">\n\t\t\t\t\t\t\t\t\t\t\t\t\t\t\t\t\t\t\t\t\t\t<span class=\"elementor-button-text\">Send<\/span>\n\t\t\t\t\t\t\t\t\t\t\t\t\t<\/span>\n\t\t\t\t\t<\/button>\n\t\t\t\t<\/div>\n\t\t\t<\/div>\n\t\t<\/form>\n\t\t\t\t\t\t<\/div>\n\t\t\t\t<\/div>\n\t\t\t\t\t<\/div>\n\t\t<\/div>\n\t\t\t\t<div class=\"elementor-column elementor-col-50 elementor-top-column elementor-element elementor-element-fb3dd4a\" data-id=\"fb3dd4a\" data-element_type=\"column\">\n\t\t\t<div class=\"elementor-widget-wrap elementor-element-populated\">\n\t\t\t\t\t\t<div class=\"elementor-element elementor-element-00bb047 elementor-widget elementor-widget-text-editor\" data-id=\"00bb047\" data-element_type=\"widget\" data-widget_type=\"text-editor.default\">\n\t\t\t\t<div class=\"elementor-widget-container\">\n\t\t\t\t\t\t\t\t\t<iframe src=\"https:\/\/www.google.com\/maps\/embed?pb=!1m14!1m8!1m3!1d5665.648186868505!2d17.2308767!3d44.7640021!3m2!1i1024!2i768!4f13.1!3m3!1m2!1s0x475e053ff288ed37%3A0xd28df767a8bdc0a2!2sFABRIKA%20coffee!5e0!3m2!1ssr!2sba!4v1656057578499!5m2!1ssr!2sba\" width=\"600\" height=\"450\" style=\"border:0;\" allowfullscreen=\"\" loading=\"lazy\" referrerpolicy=\"no-referrer-when-downgrade\"><\/iframe>\t\t\t\t\t\t\t\t<\/div>\n\t\t\t\t<\/div>\n\t\t\t\t\t<\/div>\n\t\t<\/div>\n\t\t\t\t\t<\/div>\n\t\t<\/section>\n\t\t\t\t<\/div>\n\t\t","protected":false},"excerpt":{"rendered":"<p>Coffee production Find out more &raquo; Coffee to go Find out more &raquo; Cafeteria Find out more &raquo; Contact us<\/p>\n","protected":false},"author":1,"featured_media":16665,"parent":0,"menu_order":0,"comment_status":"closed","ping_status":"closed","template":"page-templates\/full-width.php","meta":{"footnotes":""},"class_list":["post-18613","page","type-page","status-publish","has-post-thumbnail","hentry"],"yoast_head":"<!-- This site is optimized with the Yoast SEO plugin v21.1 - https:\/\/yoast.com\/wordpress\/plugins\/seo\/ -->\n<title>Contact &raquo; FABRIKA COFFEE &raquo; Va\u0161a gradska pr\u017eionica &raquo; Banja Luka<\/title>\n<meta name=\"description\" content=\"Ukoliko imate pitanja u vezi na\u0161ih proizvoda, slobodno nas kontaktirajte na mail ili na brojeve telefona.\" \/>\n<meta name=\"robots\" content=\"index, follow, max-snippet:-1, max-image-preview:large, max-video-preview:-1\" \/>\n<link rel=\"canonical\" href=\"https:\/\/fabrikacoffee.com\/?page_id=18613&lang=en\" \/>\n<meta property=\"og:locale\" content=\"sr_RS\" \/>\n<meta property=\"og:type\" content=\"article\" \/>\n<meta property=\"og:title\" content=\"Contact &raquo; FABRIKA COFFEE &raquo; Va\u0161a gradska pr\u017eionica &raquo; Banja Luka\" \/>\n<meta property=\"og:description\" content=\"Ukoliko imate pitanja u vezi na\u0161ih proizvoda, slobodno nas kontaktirajte na mail ili na brojeve telefona.\" \/>\n<meta property=\"og:url\" content=\"https:\/\/fabrikacoffee.com\/?page_id=18613&amp;lang=en\" \/>\n<meta property=\"og:site_name\" content=\"FABRIKA COFFEE\" \/>\n<meta property=\"article:publisher\" content=\"https:\/\/www.facebook.com\/fabrikacoffeebl\" \/>\n<meta property=\"article:modified_time\" content=\"2022-07-27T12:28:28+00:00\" \/>\n<meta property=\"og:image\" content=\"https:\/\/fabrikacoffee.com\/wp-content\/uploads\/2019\/06\/IMG_6861.jpg\" \/>\n<meta name=\"twitter:card\" content=\"summary_large_image\" \/>\n<meta name=\"twitter:label1\" content=\"Procenjeno vreme \u010ditanja\" \/>\n\t<meta name=\"twitter:data1\" content=\"1 minut\" \/>\n<script type=\"application\/ld+json\" class=\"yoast-schema-graph\">{\"@context\":\"https:\/\/schema.org\",\"@graph\":[{\"@type\":\"WebPage\",\"@id\":\"https:\/\/fabrikacoffee.com\/?page_id=18613&lang=en\",\"url\":\"https:\/\/fabrikacoffee.com\/?page_id=18613&lang=en\",\"name\":\"Contact &raquo; FABRIKA COFFEE &raquo; Va\u0161a gradska pr\u017eionica &raquo; Banja Luka\",\"isPartOf\":{\"@id\":\"https:\/\/fabrikacoffee.com\/#website\"},\"datePublished\":\"2022-07-27T12:03:43+00:00\",\"dateModified\":\"2022-07-27T12:28:28+00:00\",\"description\":\"Ukoliko imate pitanja u vezi na\u0161ih proizvoda, slobodno nas kontaktirajte na mail ili na brojeve telefona.\",\"breadcrumb\":{\"@id\":\"https:\/\/fabrikacoffee.com\/?page_id=18613&lang=en#breadcrumb\"},\"inLanguage\":\"sr-RS\",\"potentialAction\":[{\"@type\":\"ReadAction\",\"target\":[\"https:\/\/fabrikacoffee.com\/?page_id=18613&lang=en\"]}]},{\"@type\":\"BreadcrumbList\",\"@id\":\"https:\/\/fabrikacoffee.com\/?page_id=18613&lang=en#breadcrumb\",\"itemListElement\":[{\"@type\":\"ListItem\",\"position\":1,\"name\":\"Po\u010detna\",\"item\":\"https:\/\/fabrikacoffee.com\/\"},{\"@type\":\"ListItem\",\"position\":2,\"name\":\"Contact\"}]},{\"@type\":\"WebSite\",\"@id\":\"https:\/\/fabrikacoffee.com\/#website\",\"url\":\"https:\/\/fabrikacoffee.com\/\",\"name\":\"FABRIKA COFFEE\",\"description\":\"Va\u0161a gradska pr\u017eionica\",\"publisher\":{\"@id\":\"https:\/\/fabrikacoffee.com\/#organization\"},\"potentialAction\":[{\"@type\":\"SearchAction\",\"target\":{\"@type\":\"EntryPoint\",\"urlTemplate\":\"https:\/\/fabrikacoffee.com\/?s={search_term_string}\"},\"query-input\":\"required name=search_term_string\"}],\"inLanguage\":\"sr-RS\"},{\"@type\":\"Organization\",\"@id\":\"https:\/\/fabrikacoffee.com\/#organization\",\"name\":\"FABRIKA coffee\",\"url\":\"https:\/\/fabrikacoffee.com\/\",\"logo\":{\"@type\":\"ImageObject\",\"inLanguage\":\"sr-RS\",\"@id\":\"https:\/\/fabrikacoffee.com\/#\/schema\/logo\/image\/\",\"url\":\"https:\/\/fabrikacoffee.com\/wp-content\/uploads\/2020\/12\/IMG_6715.jpg\",\"contentUrl\":\"https:\/\/fabrikacoffee.com\/wp-content\/uploads\/2020\/12\/IMG_6715.jpg\",\"width\":1920,\"height\":1080,\"caption\":\"FABRIKA coffee\"},\"image\":{\"@id\":\"https:\/\/fabrikacoffee.com\/#\/schema\/logo\/image\/\"},\"sameAs\":[\"https:\/\/www.facebook.com\/fabrikacoffeebl\",\"https:\/\/www.instagram.com\/fabrika_coffeebl\/\"]}]}<\/script>\n<!-- \/ Yoast SEO plugin. -->","yoast_head_json":{"title":"Contact &raquo; FABRIKA COFFEE &raquo; Va\u0161a gradska pr\u017eionica &raquo; Banja Luka","description":"Ukoliko imate pitanja u vezi na\u0161ih proizvoda, slobodno nas kontaktirajte na mail ili na brojeve telefona.","robots":{"index":"index","follow":"follow","max-snippet":"max-snippet:-1","max-image-preview":"max-image-preview:large","max-video-preview":"max-video-preview:-1"},"canonical":"https:\/\/fabrikacoffee.com\/?page_id=18613&lang=en","og_locale":"sr_RS","og_type":"article","og_title":"Contact &raquo; FABRIKA COFFEE &raquo; Va\u0161a gradska pr\u017eionica &raquo; Banja Luka","og_description":"Ukoliko imate pitanja u vezi na\u0161ih proizvoda, slobodno nas kontaktirajte na mail ili na brojeve telefona.","og_url":"https:\/\/fabrikacoffee.com\/?page_id=18613&lang=en","og_site_name":"FABRIKA COFFEE","article_publisher":"https:\/\/www.facebook.com\/fabrikacoffeebl","article_modified_time":"2022-07-27T12:28:28+00:00","og_image":[{"url":"https:\/\/fabrikacoffee.com\/wp-content\/uploads\/2019\/06\/IMG_6861.jpg"}],"twitter_card":"summary_large_image","twitter_misc":{"Procenjeno vreme \u010ditanja":"1 minut"},"schema":{"@context":"https:\/\/schema.org","@graph":[{"@type":"WebPage","@id":"https:\/\/fabrikacoffee.com\/?page_id=18613&lang=en","url":"https:\/\/fabrikacoffee.com\/?page_id=18613&lang=en","name":"Contact &raquo; FABRIKA COFFEE &raquo; Va\u0161a gradska pr\u017eionica &raquo; Banja Luka","isPartOf":{"@id":"https:\/\/fabrikacoffee.com\/#website"},"datePublished":"2022-07-27T12:03:43+00:00","dateModified":"2022-07-27T12:28:28+00:00","description":"Ukoliko imate pitanja u vezi na\u0161ih proizvoda, slobodno nas kontaktirajte na mail ili na brojeve telefona.","breadcrumb":{"@id":"https:\/\/fabrikacoffee.com\/?page_id=18613&lang=en#breadcrumb"},"inLanguage":"sr-RS","potentialAction":[{"@type":"ReadAction","target":["https:\/\/fabrikacoffee.com\/?page_id=18613&lang=en"]}]},{"@type":"BreadcrumbList","@id":"https:\/\/fabrikacoffee.com\/?page_id=18613&lang=en#breadcrumb","itemListElement":[{"@type":"ListItem","position":1,"name":"Po\u010detna","item":"https:\/\/fabrikacoffee.com\/"},{"@type":"ListItem","position":2,"name":"Contact"}]},{"@type":"WebSite","@id":"https:\/\/fabrikacoffee.com\/#website","url":"https:\/\/fabrikacoffee.com\/","name":"FABRIKA COFFEE","description":"Va\u0161a gradska pr\u017eionica","publisher":{"@id":"https:\/\/fabrikacoffee.com\/#organization"},"potentialAction":[{"@type":"SearchAction","target":{"@type":"EntryPoint","urlTemplate":"https:\/\/fabrikacoffee.com\/?s={search_term_string}"},"query-input":"required name=search_term_string"}],"inLanguage":"sr-RS"},{"@type":"Organization","@id":"https:\/\/fabrikacoffee.com\/#organization","name":"FABRIKA coffee","url":"https:\/\/fabrikacoffee.com\/","logo":{"@type":"ImageObject","inLanguage":"sr-RS","@id":"https:\/\/fabrikacoffee.com\/#\/schema\/logo\/image\/","url":"https:\/\/fabrikacoffee.com\/wp-content\/uploads\/2020\/12\/IMG_6715.jpg","contentUrl":"https:\/\/fabrikacoffee.com\/wp-content\/uploads\/2020\/12\/IMG_6715.jpg","width":1920,"height":1080,"caption":"FABRIKA coffee"},"image":{"@id":"https:\/\/fabrikacoffee.com\/#\/schema\/logo\/image\/"},"sameAs":["https:\/\/www.facebook.com\/fabrikacoffeebl","https:\/\/www.instagram.com\/fabrika_coffeebl\/"]}]}},"_links":{"self":[{"href":"https:\/\/fabrikacoffee.com\/index.php?rest_route=\/wp\/v2\/pages\/18613","targetHints":{"allow":["GET"]}}],"collection":[{"href":"https:\/\/fabrikacoffee.com\/index.php?rest_route=\/wp\/v2\/pages"}],"about":[{"href":"https:\/\/fabrikacoffee.com\/index.php?rest_route=\/wp\/v2\/types\/page"}],"author":[{"embeddable":true,"href":"https:\/\/fabrikacoffee.com\/index.php?rest_route=\/wp\/v2\/users\/1"}],"replies":[{"embeddable":true,"href":"https:\/\/fabrikacoffee.com\/index.php?rest_route=%2Fwp%2Fv2%2Fcomments&post=18613"}],"version-history":[{"count":10,"href":"https:\/\/fabrikacoffee.com\/index.php?rest_route=\/wp\/v2\/pages\/18613\/revisions"}],"predecessor-version":[{"id":18642,"href":"https:\/\/fabrikacoffee.com\/index.php?rest_route=\/wp\/v2\/pages\/18613\/revisions\/18642"}],"wp:featuredmedia":[{"embeddable":true,"href":"https:\/\/fabrikacoffee.com\/index.php?rest_route=\/wp\/v2\/media\/16665"}],"wp:attachment":[{"href":"https:\/\/fabrikacoffee.com\/index.php?rest_route=%2Fwp%2Fv2%2Fmedia&parent=18613"}],"curies":[{"name":"wp","href":"https:\/\/api.w.org\/{rel}","templated":true}]}}