{"id":19184,"date":"2023-09-21T12:09:15","date_gmt":"2023-09-21T10:09:15","guid":{"rendered":"https:\/\/fabrikacoffee.com\/?post_type=product&#038;p=19184"},"modified":"2025-02-17T09:02:54","modified_gmt":"2025-02-17T08:02:54","slug":"columbia","status":"publish","type":"product","link":"https:\/\/fabrikacoffee.com\/?product=columbia","title":{"rendered":"COLUMBIA"},"content":{"rendered":"","protected":false},"excerpt":{"rendered":"<p>U Nariniji je kafa svuda, naizgled je svi uzgajaju ili je dio procesa, ali u mikro-regiji Buesaco, to je ozbiljan dio \u017eivota Kafa se su\u0161i i po ulicama Kafa koja se nalazi u na\u0161oj ponudi poti\u010de od jednog farmera po imenu Alvaro Montilla. On je vlasnik zemlje na najvi\u0161oj nadmorskoj visini u cijelom Buesaku i na njoj uzgaja nevjero vatnu kafu. Izabrali smo ovu kafu, jer ona u odnosu na mnoge druge serije koje smo probali, ima ukus smedeg \u0161e\u010dera i vo\u0107a koje zaista pogoduje. To je delicijus srednje pr\u017eenje pravi dragulj. Kada ga pr\u017eimo laganije, samo 30 sekundi do prve naprsline, okusimo finu so\u010dnu kafu sa kiselo\u0161\u0107u limuna i limete, maline, limunske trave, meda, dosta slo\u017cenosti, te tu je kafa najinte: resantnija, ali ne i najpitkija. Ako zrno pr\u017eite tamnije, ne sasvim, do dvije pukotine, dobijate aromu piva od korijena, cherry cole ili smedeg \u0161e\u0107era<\/p>\n","protected":false},"featured_media":19186,"comment_status":"closed","ping_status":"closed","template":"","meta":[],"product_brand":[],"product_cat":[465],"product_tag":[],"class_list":{"0":"post-19184","1":"product","2":"type-product","3":"status-publish","4":"has-post-thumbnail","6":"product_cat-single-origin","9":"first","10":"instock","11":"shipping-taxable","12":"purchasable","13":"product-type-variable"},"yoast_head":"<!-- This site is optimized with the Yoast SEO plugin v21.1 - https:\/\/yoast.com\/wordpress\/plugins\/seo\/ -->\n<title>COLUMBIA &raquo; FABRIKA COFFEE<\/title>\n<meta name=\"robots\" content=\"index, follow, max-snippet:-1, max-image-preview:large, max-video-preview:-1\" \/>\n<link rel=\"canonical\" href=\"https:\/\/fabrikacoffee.com\/?product=columbia\" \/>\n<meta property=\"og:locale\" content=\"sr_RS\" \/>\n<meta property=\"og:type\" content=\"article\" \/>\n<meta property=\"og:title\" content=\"COLUMBIA &raquo; FABRIKA COFFEE\" \/>\n<meta property=\"og:description\" content=\"U Nariniji je kafa svuda, naizgled je svi uzgajaju ili je dio procesa, ali u mikro-regiji Buesaco, to je ozbiljan dio \u017eivota Kafa se su\u0161i i po ulicama Kafa koja se nalazi u na\u0161oj ponudi poti\u010de od jednog farmera po imenu Alvaro Montilla. On je vlasnik zemlje na najvi\u0161oj nadmorskoj visini u cijelom Buesaku i na njoj uzgaja nevjero vatnu kafu. Izabrali smo ovu kafu, jer ona u odnosu na mnoge druge serije koje smo probali, ima ukus smedeg \u0161e\u010dera i vo\u0107a koje zaista pogoduje. To je delicijus srednje pr\u017eenje pravi dragulj. Kada ga pr\u017eimo laganije, samo 30 sekundi do prve naprsline, okusimo finu so\u010dnu kafu sa kiselo\u0161\u0107u limuna i limete, maline, limunske trave, meda, dosta slo\u017cenosti, te tu je kafa najinte: resantnija, ali ne i najpitkija. Ako zrno pr\u017eite tamnije, ne sasvim, do dvije pukotine, dobijate aromu piva od korijena, cherry cole ili smedeg \u0161e\u0107era\" \/>\n<meta property=\"og:url\" content=\"https:\/\/fabrikacoffee.com\/?product=columbia\" \/>\n<meta property=\"og:site_name\" content=\"FABRIKA COFFEE\" \/>\n<meta property=\"article:publisher\" content=\"https:\/\/www.facebook.com\/fabrikacoffeebl\" \/>\n<meta property=\"article:modified_time\" content=\"2025-02-17T08:02:54+00:00\" \/>\n<meta property=\"og:image\" content=\"https:\/\/fabrikacoffee.com\/wp-content\/uploads\/2023\/09\/columbia-01.png\" \/>\n\t<meta property=\"og:image:width\" content=\"2250\" \/>\n\t<meta property=\"og:image:height\" content=\"2250\" \/>\n\t<meta property=\"og:image:type\" content=\"image\/png\" \/>\n<meta name=\"twitter:card\" content=\"summary_large_image\" \/>\n<script type=\"application\/ld+json\" class=\"yoast-schema-graph\">{\"@context\":\"https:\/\/schema.org\",\"@graph\":[{\"@type\":\"WebPage\",\"@id\":\"https:\/\/fabrikacoffee.com\/?product=columbia\",\"url\":\"https:\/\/fabrikacoffee.com\/?product=columbia\",\"name\":\"COLUMBIA &raquo; FABRIKA COFFEE\",\"isPartOf\":{\"@id\":\"https:\/\/fabrikacoffee.com\/#website\"},\"datePublished\":\"2023-09-21T10:09:15+00:00\",\"dateModified\":\"2025-02-17T08:02:54+00:00\",\"breadcrumb\":{\"@id\":\"https:\/\/fabrikacoffee.com\/?product=columbia#breadcrumb\"},\"inLanguage\":\"sr-RS\",\"potentialAction\":[{\"@type\":\"ReadAction\",\"target\":[\"https:\/\/fabrikacoffee.com\/?product=columbia\"]}]},{\"@type\":\"BreadcrumbList\",\"@id\":\"https:\/\/fabrikacoffee.com\/?product=columbia#breadcrumb\",\"itemListElement\":[{\"@type\":\"ListItem\",\"position\":1,\"name\":\"Po\u010detna\",\"item\":\"https:\/\/fabrikacoffee.com\/\"},{\"@type\":\"ListItem\",\"position\":2,\"name\":\"Shop\",\"item\":\"https:\/\/fabrikacoffee.com\/?page_id=614\"},{\"@type\":\"ListItem\",\"position\":3,\"name\":\"COLUMBIA\"}]},{\"@type\":\"WebSite\",\"@id\":\"https:\/\/fabrikacoffee.com\/#website\",\"url\":\"https:\/\/fabrikacoffee.com\/\",\"name\":\"FABRIKA COFFEE\",\"description\":\"Va\u0161a gradska pr\u017eionica\",\"publisher\":{\"@id\":\"https:\/\/fabrikacoffee.com\/#organization\"},\"potentialAction\":[{\"@type\":\"SearchAction\",\"target\":{\"@type\":\"EntryPoint\",\"urlTemplate\":\"https:\/\/fabrikacoffee.com\/?s={search_term_string}\"},\"query-input\":\"required name=search_term_string\"}],\"inLanguage\":\"sr-RS\"},{\"@type\":\"Organization\",\"@id\":\"https:\/\/fabrikacoffee.com\/#organization\",\"name\":\"FABRIKA coffee\",\"url\":\"https:\/\/fabrikacoffee.com\/\",\"logo\":{\"@type\":\"ImageObject\",\"inLanguage\":\"sr-RS\",\"@id\":\"https:\/\/fabrikacoffee.com\/#\/schema\/logo\/image\/\",\"url\":\"https:\/\/fabrikacoffee.com\/wp-content\/uploads\/2020\/12\/IMG_6715.jpg\",\"contentUrl\":\"https:\/\/fabrikacoffee.com\/wp-content\/uploads\/2020\/12\/IMG_6715.jpg\",\"width\":1920,\"height\":1080,\"caption\":\"FABRIKA coffee\"},\"image\":{\"@id\":\"https:\/\/fabrikacoffee.com\/#\/schema\/logo\/image\/\"},\"sameAs\":[\"https:\/\/www.facebook.com\/fabrikacoffeebl\",\"https:\/\/www.instagram.com\/fabrika_coffeebl\/\"]}]}<\/script>\n<!-- \/ Yoast SEO plugin. -->","yoast_head_json":{"title":"COLUMBIA &raquo; FABRIKA COFFEE","robots":{"index":"index","follow":"follow","max-snippet":"max-snippet:-1","max-image-preview":"max-image-preview:large","max-video-preview":"max-video-preview:-1"},"canonical":"https:\/\/fabrikacoffee.com\/?product=columbia","og_locale":"sr_RS","og_type":"article","og_title":"COLUMBIA &raquo; FABRIKA COFFEE","og_description":"U Nariniji je kafa svuda, naizgled je svi uzgajaju ili je dio procesa, ali u mikro-regiji Buesaco, to je ozbiljan dio \u017eivota Kafa se su\u0161i i po ulicama Kafa koja se nalazi u na\u0161oj ponudi poti\u010de od jednog farmera po imenu Alvaro Montilla. On je vlasnik zemlje na najvi\u0161oj nadmorskoj visini u cijelom Buesaku i na njoj uzgaja nevjero vatnu kafu. Izabrali smo ovu kafu, jer ona u odnosu na mnoge druge serije koje smo probali, ima ukus smedeg \u0161e\u010dera i vo\u0107a koje zaista pogoduje. To je delicijus srednje pr\u017eenje pravi dragulj. Kada ga pr\u017eimo laganije, samo 30 sekundi do prve naprsline, okusimo finu so\u010dnu kafu sa kiselo\u0161\u0107u limuna i limete, maline, limunske trave, meda, dosta slo\u017cenosti, te tu je kafa najinte: resantnija, ali ne i najpitkija. Ako zrno pr\u017eite tamnije, ne sasvim, do dvije pukotine, dobijate aromu piva od korijena, cherry cole ili smedeg \u0161e\u0107era","og_url":"https:\/\/fabrikacoffee.com\/?product=columbia","og_site_name":"FABRIKA COFFEE","article_publisher":"https:\/\/www.facebook.com\/fabrikacoffeebl","article_modified_time":"2025-02-17T08:02:54+00:00","og_image":[{"width":2250,"height":2250,"url":"https:\/\/fabrikacoffee.com\/wp-content\/uploads\/2023\/09\/columbia-01.png","type":"image\/png"}],"twitter_card":"summary_large_image","schema":{"@context":"https:\/\/schema.org","@graph":[{"@type":"WebPage","@id":"https:\/\/fabrikacoffee.com\/?product=columbia","url":"https:\/\/fabrikacoffee.com\/?product=columbia","name":"COLUMBIA &raquo; FABRIKA COFFEE","isPartOf":{"@id":"https:\/\/fabrikacoffee.com\/#website"},"datePublished":"2023-09-21T10:09:15+00:00","dateModified":"2025-02-17T08:02:54+00:00","breadcrumb":{"@id":"https:\/\/fabrikacoffee.com\/?product=columbia#breadcrumb"},"inLanguage":"sr-RS","potentialAction":[{"@type":"ReadAction","target":["https:\/\/fabrikacoffee.com\/?product=columbia"]}]},{"@type":"BreadcrumbList","@id":"https:\/\/fabrikacoffee.com\/?product=columbia#breadcrumb","itemListElement":[{"@type":"ListItem","position":1,"name":"Po\u010detna","item":"https:\/\/fabrikacoffee.com\/"},{"@type":"ListItem","position":2,"name":"Shop","item":"https:\/\/fabrikacoffee.com\/?page_id=614"},{"@type":"ListItem","position":3,"name":"COLUMBIA"}]},{"@type":"WebSite","@id":"https:\/\/fabrikacoffee.com\/#website","url":"https:\/\/fabrikacoffee.com\/","name":"FABRIKA COFFEE","description":"Va\u0161a gradska pr\u017eionica","publisher":{"@id":"https:\/\/fabrikacoffee.com\/#organization"},"potentialAction":[{"@type":"SearchAction","target":{"@type":"EntryPoint","urlTemplate":"https:\/\/fabrikacoffee.com\/?s={search_term_string}"},"query-input":"required name=search_term_string"}],"inLanguage":"sr-RS"},{"@type":"Organization","@id":"https:\/\/fabrikacoffee.com\/#organization","name":"FABRIKA coffee","url":"https:\/\/fabrikacoffee.com\/","logo":{"@type":"ImageObject","inLanguage":"sr-RS","@id":"https:\/\/fabrikacoffee.com\/#\/schema\/logo\/image\/","url":"https:\/\/fabrikacoffee.com\/wp-content\/uploads\/2020\/12\/IMG_6715.jpg","contentUrl":"https:\/\/fabrikacoffee.com\/wp-content\/uploads\/2020\/12\/IMG_6715.jpg","width":1920,"height":1080,"caption":"FABRIKA coffee"},"image":{"@id":"https:\/\/fabrikacoffee.com\/#\/schema\/logo\/image\/"},"sameAs":["https:\/\/www.facebook.com\/fabrikacoffeebl","https:\/\/www.instagram.com\/fabrika_coffeebl\/"]}]}},"_links":{"self":[{"href":"https:\/\/fabrikacoffee.com\/index.php?rest_route=\/wp\/v2\/product\/19184","targetHints":{"allow":["GET"]}}],"collection":[{"href":"https:\/\/fabrikacoffee.com\/index.php?rest_route=\/wp\/v2\/product"}],"about":[{"href":"https:\/\/fabrikacoffee.com\/index.php?rest_route=\/wp\/v2\/types\/product"}],"replies":[{"embeddable":true,"href":"https:\/\/fabrikacoffee.com\/index.php?rest_route=%2Fwp%2Fv2%2Fcomments&post=19184"}],"wp:featuredmedia":[{"embeddable":true,"href":"https:\/\/fabrikacoffee.com\/index.php?rest_route=\/wp\/v2\/media\/19186"}],"wp:attachment":[{"href":"https:\/\/fabrikacoffee.com\/index.php?rest_route=%2Fwp%2Fv2%2Fmedia&parent=19184"}],"wp:term":[{"taxonomy":"product_brand","embeddable":true,"href":"https:\/\/fabrikacoffee.com\/index.php?rest_route=%2Fwp%2Fv2%2Fproduct_brand&post=19184"},{"taxonomy":"product_cat","embeddable":true,"href":"https:\/\/fabrikacoffee.com\/index.php?rest_route=%2Fwp%2Fv2%2Fproduct_cat&post=19184"},{"taxonomy":"product_tag","embeddable":true,"href":"https:\/\/fabrikacoffee.com\/index.php?rest_route=%2Fwp%2Fv2%2Fproduct_tag&post=19184"}],"curies":[{"name":"wp","href":"https:\/\/api.w.org\/{rel}","templated":true}]}}