{"id":19193,"date":"2023-09-21T12:19:14","date_gmt":"2023-09-21T10:19:14","guid":{"rendered":"https:\/\/fabrikacoffee.com\/?post_type=product&#038;p=19193"},"modified":"2025-02-04T13:48:28","modified_gmt":"2025-02-04T12:48:28","slug":"rwanda","status":"publish","type":"product","link":"https:\/\/fabrikacoffee.com\/?product=rwanda","title":{"rendered":"RWANDA"},"content":{"rendered":"","protected":false},"excerpt":{"rendered":"<p>Kafa iz zemlje hiljadu brda, kafa iz Ruande. Vrste kafe koje se uzgajaju u Ruandi uklju\u010duju Caturra, Catuai, Bourbon (Arabica) sa sortama kao \u0161to su Harrar, Jackson. Biljke kafe cvjetaju u septembru i oktobru, a izmedu martai jula grane kafe su spremne za berbu. Zadruga Abadatezuka sa koje dolazi na\u0161a kafa je grupa malih farmera u zapadnoj provinciji Ruande koja svoju kafu u ljuskama isporu\u010duje u stanicu za pranje Ciato, koja se nalazi u sektoru Ciato u okrugu Naiamasheke u tom regionu. Ovda\u0161nji proizvo\u0111a\u010di kafu uzgajaju na nadmorskoj visini sve do 2.200 metara nadmorske visine, a stanica za pranje se nalazi na 1.850 metara nadmorske visine. Jedan interesantan aspekt kafe ovdje je to \u0161to se ka\u017ee da su doma\u0107e p\u010dele koje \u017eive u \u0161umi Njungve i oko nje gdje se kafa uzgaja dijelom odgovorne za .jedinstveni profil&#8221; ove kafe. Opra\u0161ivanje uz pomo\u0107 p\u010dela, plodno tlo (crni humus 1 pjeskovito zemlji\u0161te) i hladna klima pogo\u0111ena jezerima zahvaljuju\u0107i blizini jezera Kivu doprinose ukusima koji se nalaze u \u0161oljici. Poljoprivrednici ne koriste sinteti\u010dke inpute niti bilo kao \u0111ubrivo.<\/p>\n","protected":false},"featured_media":19195,"comment_status":"closed","ping_status":"closed","template":"","meta":[],"product_brand":[],"product_cat":[465],"product_tag":[],"class_list":{"0":"post-19193","1":"product","2":"type-product","3":"status-publish","4":"has-post-thumbnail","6":"product_cat-single-origin","9":"first","10":"instock","11":"shipping-taxable","12":"purchasable","13":"product-type-variable"},"yoast_head":"<!-- This site is optimized with the Yoast SEO plugin v21.1 - https:\/\/yoast.com\/wordpress\/plugins\/seo\/ -->\n<title>RWANDA &raquo; FABRIKA COFFEE<\/title>\n<meta name=\"robots\" content=\"index, follow, max-snippet:-1, max-image-preview:large, max-video-preview:-1\" \/>\n<link rel=\"canonical\" href=\"https:\/\/fabrikacoffee.com\/?product=rwanda\" \/>\n<meta property=\"og:locale\" content=\"sr_RS\" \/>\n<meta property=\"og:type\" content=\"article\" \/>\n<meta property=\"og:title\" content=\"RWANDA &raquo; FABRIKA COFFEE\" \/>\n<meta property=\"og:description\" content=\"Kafa iz zemlje hiljadu brda, kafa iz Ruande. Vrste kafe koje se uzgajaju u Ruandi uklju\u010duju Caturra, Catuai, Bourbon (Arabica) sa sortama kao \u0161to su Harrar, Jackson. Biljke kafe cvjetaju u septembru i oktobru, a izmedu martai jula grane kafe su spremne za berbu. Zadruga Abadatezuka sa koje dolazi na\u0161a kafa je grupa malih farmera u zapadnoj provinciji Ruande koja svoju kafu u ljuskama isporu\u010duje u stanicu za pranje Ciato, koja se nalazi u sektoru Ciato u okrugu Naiamasheke u tom regionu. Ovda\u0161nji proizvo\u0111a\u010di kafu uzgajaju na nadmorskoj visini sve do 2.200 metara nadmorske visine, a stanica za pranje se nalazi na 1.850 metara nadmorske visine. Jedan interesantan aspekt kafe ovdje je to \u0161to se ka\u017ee da su doma\u0107e p\u010dele koje \u017eive u \u0161umi Njungve i oko nje gdje se kafa uzgaja dijelom odgovorne za .jedinstveni profil&quot; ove kafe. Opra\u0161ivanje uz pomo\u0107 p\u010dela, plodno tlo (crni humus 1 pjeskovito zemlji\u0161te) i hladna klima pogo\u0111ena jezerima zahvaljuju\u0107i blizini jezera Kivu doprinose ukusima koji se nalaze u \u0161oljici. Poljoprivrednici ne koriste sinteti\u010dke inpute niti bilo kao \u0111ubrivo.\" \/>\n<meta property=\"og:url\" content=\"https:\/\/fabrikacoffee.com\/?product=rwanda\" \/>\n<meta property=\"og:site_name\" content=\"FABRIKA COFFEE\" \/>\n<meta property=\"article:publisher\" content=\"https:\/\/www.facebook.com\/fabrikacoffeebl\" \/>\n<meta property=\"article:modified_time\" content=\"2025-02-04T12:48:28+00:00\" \/>\n<meta property=\"og:image\" content=\"https:\/\/fabrikacoffee.com\/wp-content\/uploads\/2023\/09\/rwanda-01.png\" \/>\n\t<meta property=\"og:image:width\" content=\"2250\" \/>\n\t<meta property=\"og:image:height\" content=\"2250\" \/>\n\t<meta property=\"og:image:type\" content=\"image\/png\" \/>\n<meta name=\"twitter:card\" content=\"summary_large_image\" \/>\n<script type=\"application\/ld+json\" class=\"yoast-schema-graph\">{\"@context\":\"https:\/\/schema.org\",\"@graph\":[{\"@type\":\"WebPage\",\"@id\":\"https:\/\/fabrikacoffee.com\/?product=rwanda\",\"url\":\"https:\/\/fabrikacoffee.com\/?product=rwanda\",\"name\":\"RWANDA &raquo; FABRIKA COFFEE\",\"isPartOf\":{\"@id\":\"https:\/\/fabrikacoffee.com\/#website\"},\"datePublished\":\"2023-09-21T10:19:14+00:00\",\"dateModified\":\"2025-02-04T12:48:28+00:00\",\"breadcrumb\":{\"@id\":\"https:\/\/fabrikacoffee.com\/?product=rwanda#breadcrumb\"},\"inLanguage\":\"sr-RS\",\"potentialAction\":[{\"@type\":\"ReadAction\",\"target\":[\"https:\/\/fabrikacoffee.com\/?product=rwanda\"]}]},{\"@type\":\"BreadcrumbList\",\"@id\":\"https:\/\/fabrikacoffee.com\/?product=rwanda#breadcrumb\",\"itemListElement\":[{\"@type\":\"ListItem\",\"position\":1,\"name\":\"Po\u010detna\",\"item\":\"https:\/\/fabrikacoffee.com\/\"},{\"@type\":\"ListItem\",\"position\":2,\"name\":\"Shop\",\"item\":\"https:\/\/fabrikacoffee.com\/?page_id=614\"},{\"@type\":\"ListItem\",\"position\":3,\"name\":\"RWANDA\"}]},{\"@type\":\"WebSite\",\"@id\":\"https:\/\/fabrikacoffee.com\/#website\",\"url\":\"https:\/\/fabrikacoffee.com\/\",\"name\":\"FABRIKA COFFEE\",\"description\":\"Va\u0161a gradska pr\u017eionica\",\"publisher\":{\"@id\":\"https:\/\/fabrikacoffee.com\/#organization\"},\"potentialAction\":[{\"@type\":\"SearchAction\",\"target\":{\"@type\":\"EntryPoint\",\"urlTemplate\":\"https:\/\/fabrikacoffee.com\/?s={search_term_string}\"},\"query-input\":\"required name=search_term_string\"}],\"inLanguage\":\"sr-RS\"},{\"@type\":\"Organization\",\"@id\":\"https:\/\/fabrikacoffee.com\/#organization\",\"name\":\"FABRIKA coffee\",\"url\":\"https:\/\/fabrikacoffee.com\/\",\"logo\":{\"@type\":\"ImageObject\",\"inLanguage\":\"sr-RS\",\"@id\":\"https:\/\/fabrikacoffee.com\/#\/schema\/logo\/image\/\",\"url\":\"https:\/\/fabrikacoffee.com\/wp-content\/uploads\/2020\/12\/IMG_6715.jpg\",\"contentUrl\":\"https:\/\/fabrikacoffee.com\/wp-content\/uploads\/2020\/12\/IMG_6715.jpg\",\"width\":1920,\"height\":1080,\"caption\":\"FABRIKA coffee\"},\"image\":{\"@id\":\"https:\/\/fabrikacoffee.com\/#\/schema\/logo\/image\/\"},\"sameAs\":[\"https:\/\/www.facebook.com\/fabrikacoffeebl\",\"https:\/\/www.instagram.com\/fabrika_coffeebl\/\"]}]}<\/script>\n<!-- \/ Yoast SEO plugin. -->","yoast_head_json":{"title":"RWANDA &raquo; FABRIKA COFFEE","robots":{"index":"index","follow":"follow","max-snippet":"max-snippet:-1","max-image-preview":"max-image-preview:large","max-video-preview":"max-video-preview:-1"},"canonical":"https:\/\/fabrikacoffee.com\/?product=rwanda","og_locale":"sr_RS","og_type":"article","og_title":"RWANDA &raquo; FABRIKA COFFEE","og_description":"Kafa iz zemlje hiljadu brda, kafa iz Ruande. Vrste kafe koje se uzgajaju u Ruandi uklju\u010duju Caturra, Catuai, Bourbon (Arabica) sa sortama kao \u0161to su Harrar, Jackson. Biljke kafe cvjetaju u septembru i oktobru, a izmedu martai jula grane kafe su spremne za berbu. Zadruga Abadatezuka sa koje dolazi na\u0161a kafa je grupa malih farmera u zapadnoj provinciji Ruande koja svoju kafu u ljuskama isporu\u010duje u stanicu za pranje Ciato, koja se nalazi u sektoru Ciato u okrugu Naiamasheke u tom regionu. Ovda\u0161nji proizvo\u0111a\u010di kafu uzgajaju na nadmorskoj visini sve do 2.200 metara nadmorske visine, a stanica za pranje se nalazi na 1.850 metara nadmorske visine. Jedan interesantan aspekt kafe ovdje je to \u0161to se ka\u017ee da su doma\u0107e p\u010dele koje \u017eive u \u0161umi Njungve i oko nje gdje se kafa uzgaja dijelom odgovorne za .jedinstveni profil\" ove kafe. Opra\u0161ivanje uz pomo\u0107 p\u010dela, plodno tlo (crni humus 1 pjeskovito zemlji\u0161te) i hladna klima pogo\u0111ena jezerima zahvaljuju\u0107i blizini jezera Kivu doprinose ukusima koji se nalaze u \u0161oljici. Poljoprivrednici ne koriste sinteti\u010dke inpute niti bilo kao \u0111ubrivo.","og_url":"https:\/\/fabrikacoffee.com\/?product=rwanda","og_site_name":"FABRIKA COFFEE","article_publisher":"https:\/\/www.facebook.com\/fabrikacoffeebl","article_modified_time":"2025-02-04T12:48:28+00:00","og_image":[{"width":2250,"height":2250,"url":"https:\/\/fabrikacoffee.com\/wp-content\/uploads\/2023\/09\/rwanda-01.png","type":"image\/png"}],"twitter_card":"summary_large_image","schema":{"@context":"https:\/\/schema.org","@graph":[{"@type":"WebPage","@id":"https:\/\/fabrikacoffee.com\/?product=rwanda","url":"https:\/\/fabrikacoffee.com\/?product=rwanda","name":"RWANDA &raquo; FABRIKA COFFEE","isPartOf":{"@id":"https:\/\/fabrikacoffee.com\/#website"},"datePublished":"2023-09-21T10:19:14+00:00","dateModified":"2025-02-04T12:48:28+00:00","breadcrumb":{"@id":"https:\/\/fabrikacoffee.com\/?product=rwanda#breadcrumb"},"inLanguage":"sr-RS","potentialAction":[{"@type":"ReadAction","target":["https:\/\/fabrikacoffee.com\/?product=rwanda"]}]},{"@type":"BreadcrumbList","@id":"https:\/\/fabrikacoffee.com\/?product=rwanda#breadcrumb","itemListElement":[{"@type":"ListItem","position":1,"name":"Po\u010detna","item":"https:\/\/fabrikacoffee.com\/"},{"@type":"ListItem","position":2,"name":"Shop","item":"https:\/\/fabrikacoffee.com\/?page_id=614"},{"@type":"ListItem","position":3,"name":"RWANDA"}]},{"@type":"WebSite","@id":"https:\/\/fabrikacoffee.com\/#website","url":"https:\/\/fabrikacoffee.com\/","name":"FABRIKA COFFEE","description":"Va\u0161a gradska pr\u017eionica","publisher":{"@id":"https:\/\/fabrikacoffee.com\/#organization"},"potentialAction":[{"@type":"SearchAction","target":{"@type":"EntryPoint","urlTemplate":"https:\/\/fabrikacoffee.com\/?s={search_term_string}"},"query-input":"required name=search_term_string"}],"inLanguage":"sr-RS"},{"@type":"Organization","@id":"https:\/\/fabrikacoffee.com\/#organization","name":"FABRIKA coffee","url":"https:\/\/fabrikacoffee.com\/","logo":{"@type":"ImageObject","inLanguage":"sr-RS","@id":"https:\/\/fabrikacoffee.com\/#\/schema\/logo\/image\/","url":"https:\/\/fabrikacoffee.com\/wp-content\/uploads\/2020\/12\/IMG_6715.jpg","contentUrl":"https:\/\/fabrikacoffee.com\/wp-content\/uploads\/2020\/12\/IMG_6715.jpg","width":1920,"height":1080,"caption":"FABRIKA coffee"},"image":{"@id":"https:\/\/fabrikacoffee.com\/#\/schema\/logo\/image\/"},"sameAs":["https:\/\/www.facebook.com\/fabrikacoffeebl","https:\/\/www.instagram.com\/fabrika_coffeebl\/"]}]}},"_links":{"self":[{"href":"https:\/\/fabrikacoffee.com\/index.php?rest_route=\/wp\/v2\/product\/19193","targetHints":{"allow":["GET"]}}],"collection":[{"href":"https:\/\/fabrikacoffee.com\/index.php?rest_route=\/wp\/v2\/product"}],"about":[{"href":"https:\/\/fabrikacoffee.com\/index.php?rest_route=\/wp\/v2\/types\/product"}],"replies":[{"embeddable":true,"href":"https:\/\/fabrikacoffee.com\/index.php?rest_route=%2Fwp%2Fv2%2Fcomments&post=19193"}],"wp:featuredmedia":[{"embeddable":true,"href":"https:\/\/fabrikacoffee.com\/index.php?rest_route=\/wp\/v2\/media\/19195"}],"wp:attachment":[{"href":"https:\/\/fabrikacoffee.com\/index.php?rest_route=%2Fwp%2Fv2%2Fmedia&parent=19193"}],"wp:term":[{"taxonomy":"product_brand","embeddable":true,"href":"https:\/\/fabrikacoffee.com\/index.php?rest_route=%2Fwp%2Fv2%2Fproduct_brand&post=19193"},{"taxonomy":"product_cat","embeddable":true,"href":"https:\/\/fabrikacoffee.com\/index.php?rest_route=%2Fwp%2Fv2%2Fproduct_cat&post=19193"},{"taxonomy":"product_tag","embeddable":true,"href":"https:\/\/fabrikacoffee.com\/index.php?rest_route=%2Fwp%2Fv2%2Fproduct_tag&post=19193"}],"curies":[{"name":"wp","href":"https:\/\/api.w.org\/{rel}","templated":true}]}}